{"id":30,"date":"2026-01-17T10:32:55","date_gmt":"2026-01-17T10:32:55","guid":{"rendered":"https:\/\/j188.fit\/?page_id=30"},"modified":"2026-01-17T13:33:04","modified_gmt":"2026-01-17T13:33:04","slug":"trang-chu","status":"publish","type":"page","link":"https:\/\/j188.fit\/","title":{"rendered":"Trang ch\u1ee7"},"content":{"rendered":"<div class=\"row row-collapse row-full-width\"  id=\"row-1202396364\">\n\n\t<div id=\"col-2077830232\" class=\"col medium-4 large-4\"  >\n\t\t\t\t<div class=\"col-inner\"  >\n\t\t\t\n\t\t\t\n\t<div class=\"img has-hover x md-x lg-x y md-y lg-y\" id=\"image_1710930045\">\n\t\t<a class=\"\" href=\"https:\/\/j188.fit\/qc\/1\" target=\"_blank\" rel=\"noopener\">\t\t\t\t\t\t<div class=\"img-inner dark\" >\n\t\t\t<img loading=\"lazy\" decoding=\"async\" width=\"710\" height=\"320\" src=\"https:\/\/j188.fit\/wp-content\/uploads\/2026\/01\/j188-trian.avif\" class=\"attachment-original size-original\" alt=\"J188\" srcset=\"https:\/\/j188.fit\/wp-content\/uploads\/2026\/01\/j188-trian.avif 710w, https:\/\/j188.fit\/wp-content\/uploads\/2026\/01\/j188-trian-300x135.avif 300w\" sizes=\"auto, (max-width: 710px) 100vw, 710px\" \/>\t\t\t\t\t\t\n\t\t\t\t\t<\/div>\n\t\t\t\t\t\t<\/a>\t\t\n<style>\n#image_1710930045 {\n  width: 100%;\n}\n<\/style>\n\t<\/div>\n\t\n\t\t<\/div>\n\t\t\t\t\t<\/div>\n\n\t\n\n\t<div id=\"col-1326815828\" class=\"col medium-4 large-4\"  >\n\t\t\t\t<div class=\"col-inner\"  >\n\t\t\t\n\t\t\t\n\t<div class=\"img has-hover x md-x lg-x y md-y lg-y\" id=\"image_2013634063\">\n\t\t<a class=\"\" href=\"https:\/\/j188.fit\/qc\/1\" target=\"_blank\" rel=\"noopener\">\t\t\t\t\t\t<div class=\"img-inner dark\" >\n\t\t\t<img loading=\"lazy\" decoding=\"async\" width=\"710\" height=\"320\" src=\"https:\/\/j188.fit\/wp-content\/uploads\/2026\/01\/j188-naptt.avif\" class=\"attachment-original size-original\" alt=\"\" srcset=\"https:\/\/j188.fit\/wp-content\/uploads\/2026\/01\/j188-naptt.avif 710w, https:\/\/j188.fit\/wp-content\/uploads\/2026\/01\/j188-naptt-300x135.avif 300w\" sizes=\"auto, (max-width: 710px) 100vw, 710px\" \/>\t\t\t\t\t\t\n\t\t\t\t\t<\/div>\n\t\t\t\t\t\t<\/a>\t\t\n<style>\n#image_2013634063 {\n  width: 100%;\n}\n<\/style>\n\t<\/div>\n\t\n\t<div id=\"gap-819038174\" class=\"gap-element clearfix\" style=\"display:block; height:auto;\">\n\t\t\n<style>\n#gap-819038174 {\n  padding-top: 30px;\n}\n<\/style>\n\t<\/div>\n\t\n\t\t<\/div>\n\t\t\t\t\t<\/div>\n\n\t\n\n\t<div id=\"col-1778363765\" class=\"col medium-4 large-4\"  >\n\t\t\t\t<div class=\"col-inner\"  >\n\t\t\t\n\t\t\t\n\t<div class=\"img has-hover x md-x lg-x y md-y lg-y\" id=\"image_1409906868\">\n\t\t<a class=\"\" href=\"https:\/\/j188.fit\/qc\/1\" target=\"_blank\" rel=\"noopener\">\t\t\t\t\t\t<div class=\"img-inner dark\" >\n\t\t\t<img loading=\"lazy\" decoding=\"async\" width=\"710\" height=\"320\" src=\"https:\/\/j188.fit\/wp-content\/uploads\/2026\/01\/j188-vip.avif\" class=\"attachment-original size-original\" alt=\"\" srcset=\"https:\/\/j188.fit\/wp-content\/uploads\/2026\/01\/j188-vip.avif 710w, https:\/\/j188.fit\/wp-content\/uploads\/2026\/01\/j188-vip-300x135.avif 300w\" sizes=\"auto, (max-width: 710px) 100vw, 710px\" \/>\t\t\t\t\t\t\n\t\t\t\t\t<\/div>\n\t\t\t\t\t\t<\/a>\t\t\n<style>\n#image_1409906868 {\n  width: 100%;\n}\n<\/style>\n\t<\/div>\n\t\n\t\t<\/div>\n\t\t\t\t\t<\/div>\n\n\t\n<\/div>\n<div class=\"row row-collapse row-full-width align-center\"  id=\"row-598423442\">\n\n\t<div id=\"col-398736177\" class=\"col medium-2 large-2\"  >\n\t\t\t\t<div class=\"col-inner text-center\"  >\n\t\t\t\n\t\t\t\n\t<div class=\"img has-hover x md-x lg-x y md-y lg-y\" id=\"image_886798829\">\n\t\t<a class=\"\" href=\"https:\/\/j188.fit\/qc\/1\" target=\"_blank\" rel=\"noopener\">\t\t\t\t\t\t<div class=\"img-inner dark\" >\n\t\t\t<img loading=\"lazy\" decoding=\"async\" width=\"183\" height=\"300\" src=\"https:\/\/j188.fit\/wp-content\/uploads\/2026\/01\/TT.png\" class=\"attachment-original size-original\" alt=\"J188\" \/>\t\t\t\t\t\t\n\t\t\t\t\t<\/div>\n\t\t\t\t\t\t<\/a>\t\t\n<style>\n#image_886798829 {\n  width: 50%;\n}\n<\/style>\n\t<\/div>\n\t\n\t<div class=\"img has-hover x md-x lg-x y md-y lg-y\" id=\"image_1326866900\">\n\t\t<a class=\"\" href=\"https:\/\/j188.fit\/qc\/1\" target=\"_blank\" rel=\"noopener\">\t\t\t\t\t\t<div class=\"img-inner dark\" >\n\t\t\t<img loading=\"lazy\" decoding=\"async\" width=\"183\" height=\"300\" src=\"https:\/\/j188.fit\/wp-content\/uploads\/2026\/01\/NH.png\" class=\"attachment-original size-original\" alt=\"J188\" \/>\t\t\t\t\t\t\n\t\t\t\t\t<\/div>\n\t\t\t\t\t\t<\/a>\t\t\n<style>\n#image_1326866900 {\n  width: 50%;\n}\n<\/style>\n\t<\/div>\n\t\n\t<div class=\"img has-hover x md-x lg-x y md-y lg-y\" id=\"image_943267415\">\n\t\t<a class=\"\" href=\"https:\/\/j188.fit\/qc\/1\" target=\"_blank\" rel=\"noopener\">\t\t\t\t\t\t<div class=\"img-inner dark\" >\n\t\t\t<img loading=\"lazy\" decoding=\"async\" width=\"183\" height=\"300\" src=\"https:\/\/j188.fit\/wp-content\/uploads\/2026\/01\/BC.png\" class=\"attachment-original size-original\" alt=\"J188\" \/>\t\t\t\t\t\t\n\t\t\t\t\t<\/div>\n\t\t\t\t\t\t<\/a>\t\t\n<style>\n#image_943267415 {\n  width: 50%;\n}\n<\/style>\n\t<\/div>\n\t\n\t\t<\/div>\n\t\t\t\t\t<\/div>\n\n\t\n\n\t<div id=\"col-109351257\" class=\"col medium-6 large-6\"  >\n\t\t\t\t<div class=\"col-inner\"  >\n\t\t\t\n\t\t\t\n\t<div id=\"gap-2046267797\" class=\"gap-element clearfix\" style=\"display:block; height:auto;\">\n\t\t\n<style>\n#gap-2046267797 {\n  padding-top: 30px;\n}\n<\/style>\n\t<\/div>\n\t\n<div class=\"row\"  id=\"row-1084046765\">\n\n\t<div id=\"col-1590119094\" class=\"col medium-3 small-6 large-3\"  >\n\t\t\t\t<div class=\"col-inner\"  >\n\t\t\t\n\t\t\t\n\t<div class=\"img has-hover x md-x lg-x y md-y lg-y\" id=\"image_332237902\">\n\t\t<a class=\"\" href=\"https:\/\/j188.fit\/qc\/1\" target=\"_blank\" rel=\"noopener\">\t\t\t\t\t\t<div class=\"img-inner dark\" >\n\t\t\t<img loading=\"lazy\" decoding=\"async\" width=\"706\" height=\"370\" src=\"https:\/\/j188.fit\/wp-content\/uploads\/2026\/01\/huong-dan-dang-ky.png\" class=\"attachment-original size-original\" alt=\"j188\" srcset=\"https:\/\/j188.fit\/wp-content\/uploads\/2026\/01\/huong-dan-dang-ky.png 706w, https:\/\/j188.fit\/wp-content\/uploads\/2026\/01\/huong-dan-dang-ky-300x157.png 300w\" sizes=\"auto, (max-width: 706px) 100vw, 706px\" \/>\t\t\t\t\t\t\n\t\t\t\t\t<\/div>\n\t\t\t\t\t\t<\/a>\t\t\n<style>\n#image_332237902 {\n  width: 100%;\n}\n<\/style>\n\t<\/div>\n\t\n\t\t<\/div>\n\t\t\t\t\t<\/div>\n\n\t\n\n\t<div id=\"col-585481347\" class=\"col medium-3 small-6 large-3\"  >\n\t\t\t\t<div class=\"col-inner\"  >\n\t\t\t\n\t\t\t\n\t<div class=\"img has-hover x md-x lg-x y md-y lg-y\" id=\"image_1001904048\">\n\t\t<a class=\"\" href=\"https:\/\/j188.fit\/qc\/1\" target=\"_blank\" rel=\"noopener\">\t\t\t\t\t\t<div class=\"img-inner dark\" >\n\t\t\t<img loading=\"lazy\" decoding=\"async\" width=\"706\" height=\"370\" src=\"https:\/\/j188.fit\/wp-content\/uploads\/2026\/01\/huong-dan-dang-nhap.png\" class=\"attachment-original size-original\" alt=\"j188\" srcset=\"https:\/\/j188.fit\/wp-content\/uploads\/2026\/01\/huong-dan-dang-nhap.png 706w, https:\/\/j188.fit\/wp-content\/uploads\/2026\/01\/huong-dan-dang-nhap-300x157.png 300w\" sizes=\"auto, (max-width: 706px) 100vw, 706px\" \/>\t\t\t\t\t\t\n\t\t\t\t\t<\/div>\n\t\t\t\t\t\t<\/a>\t\t\n<style>\n#image_1001904048 {\n  width: 100%;\n}\n<\/style>\n\t<\/div>\n\t\n\t\t<\/div>\n\t\t\t\t\t<\/div>\n\n\t\n\n\t<div id=\"col-865187638\" class=\"col medium-3 small-6 large-3\"  >\n\t\t\t\t<div class=\"col-inner\"  >\n\t\t\t\n\t\t\t\n\t<div class=\"img has-hover x md-x lg-x y md-y lg-y\" id=\"image_1399937524\">\n\t\t<a class=\"\" href=\"https:\/\/j188.fit\/qc\/1\" target=\"_blank\" rel=\"noopener\">\t\t\t\t\t\t<div class=\"img-inner dark\" >\n\t\t\t<img loading=\"lazy\" decoding=\"async\" width=\"706\" height=\"370\" src=\"https:\/\/j188.fit\/wp-content\/uploads\/2026\/01\/huong-dan-nap-tien.png\" class=\"attachment-original size-original\" alt=\"j188\" srcset=\"https:\/\/j188.fit\/wp-content\/uploads\/2026\/01\/huong-dan-nap-tien.png 706w, https:\/\/j188.fit\/wp-content\/uploads\/2026\/01\/huong-dan-nap-tien-300x157.png 300w\" sizes=\"auto, (max-width: 706px) 100vw, 706px\" \/>\t\t\t\t\t\t\n\t\t\t\t\t<\/div>\n\t\t\t\t\t\t<\/a>\t\t\n<style>\n#image_1399937524 {\n  width: 100%;\n}\n<\/style>\n\t<\/div>\n\t\n\t\t<\/div>\n\t\t\t\t\t<\/div>\n\n\t\n\n\t<div id=\"col-1915034045\" class=\"col medium-3 small-6 large-3\"  >\n\t\t\t\t<div class=\"col-inner\"  >\n\t\t\t\n\t\t\t\n\t<div class=\"img has-hover x md-x lg-x y md-y lg-y\" id=\"image_1253278165\">\n\t\t<a class=\"\" href=\"https:\/\/j188.fit\/qc\/1\" target=\"_blank\" rel=\"noopener\">\t\t\t\t\t\t<div class=\"img-inner dark\" >\n\t\t\t<img loading=\"lazy\" decoding=\"async\" width=\"706\" height=\"370\" src=\"https:\/\/j188.fit\/wp-content\/uploads\/2026\/01\/huong-dan-tai-app.png\" class=\"attachment-original size-original\" alt=\"j188\" srcset=\"https:\/\/j188.fit\/wp-content\/uploads\/2026\/01\/huong-dan-tai-app.png 706w, https:\/\/j188.fit\/wp-content\/uploads\/2026\/01\/huong-dan-tai-app-300x157.png 300w\" sizes=\"auto, (max-width: 706px) 100vw, 706px\" \/>\t\t\t\t\t\t\n\t\t\t\t\t<\/div>\n\t\t\t\t\t\t<\/a>\t\t\n<style>\n#image_1253278165 {\n  width: 100%;\n}\n<\/style>\n\t<\/div>\n\t\n\t\t<\/div>\n\t\t\t\t\t<\/div>\n\n\t\n<\/div>\n\t<div id=\"text-2663755761\" class=\"text\">\n\t\t\n<h1 style=\"text-align: center;\"><span style=\"font-family: verdana, geneva, sans-serif;\"><strong><a href=\"https:\/\/j188.com\/\" target=\"_blank\" rel=\"noopener\">J188<\/a> \u2013 Nh\u00e0 c\u00e1i uy t\u00edn ch\u1ea5t l\u01b0\u1ee3ng h\u00e0ng \u0111\u1ea7u Vi\u1ec7t Nam 2026<\/strong><\/span><\/h1>\n<p data-start=\"225\" data-end=\"545\"><span style=\"font-family: verdana, geneva, sans-serif;\"><strong>J188<\/strong> l\u00e0 n\u1ec1n t\u1ea3ng gi\u1ea3i tr\u00ed v\u00e0 c\u00e1 c\u01b0\u1ee3c tr\u1ef1c tuy\u1ebfn h\u00e0ng \u0111\u1ea7u, mang \u0111\u1ebfn h\u00e0ng tr\u0103m tr\u00f2 ch\u01a1i \u0111\u1ed9c \u0111\u00e1o, t\u1eeb casino, th\u1ec3 thao, b\u1eafn c\u00e1, n\u1ed5 h\u0169 \u0111\u1ebfn mini game v\u00e0 t\u00e0i x\u1ec9u. Kh\u00f4ng ch\u1ec9 l\u00e0 nh\u00e0 c\u00e1i online, Trang ch\u1ee7 <b>J188 <\/b>l\u00e0 th\u1ebf gi\u1edbi d\u00e0nh cho nh\u1eefng ng\u01b0\u1eddi th\u00edch \u201c<strong>ch\u01a1i l\u1edbn \u2013 th\u1eafng \u0111\u1eadm<\/strong>\u201d, n\u01a1i m\u1ecdi tr\u1ea3i nghi\u1ec7m \u0111\u01b0\u1ee3c n\u00e2ng t\u1ea7m chuy\u00ean nghi\u1ec7p v\u00e0 chu\u1ea9n qu\u1ed1c t\u1ebf.<\/span><\/p>\n<p data-start=\"547\" data-end=\"754\"><span style=\"font-family: verdana, geneva, sans-serif;\"><strong>Truy c\u1eadp J188 <\/strong>nhanh ch\u00f3ng qua trang ch\u1ee7 ho\u1eb7c t\u1ea3i app di \u0111\u1ed9ng t\u01b0\u01a1ng th\u00edch tr\u00ean smartphone, tablet v\u00e0 m\u00e1y t\u00ednh c\u00e1 nh\u00e2n, \u0111\u1ec3 tr\u1ea3i nghi\u1ec7m m\u01b0\u1ee3t m\u00e0, ti\u1ec7n l\u1ee3i v\u00e0 kh\u00f4ng gi\u1eadt lag, d\u00f9 b\u1ea5t k\u1ef3 th\u1eddi \u0111i\u1ec3m n\u00e0o trong ng\u00e0y.<\/span><\/p>\n<p data-start=\"756\" data-end=\"1056\"><span style=\"font-family: verdana, geneva, sans-serif;\">Kho tr\u00f2 ch\u01a1i si\u00eau \u0111a d\u1ea1ng, t\u1eeb b\u00e0n c\u01b0\u1ee3c\u00a0<strong>th\u1ec3 thao s\u00f4i \u0111\u1ed9ng, casino tr\u1ef1c tuy\u1ebfn sang tr\u1ecdng, \u0111\u1ebfn c\u00e1c mini game vui nh\u1ed9n, n\u1ed5 h\u0169 b\u00f9ng n\u1ed5 hay b\u1eafn c\u00e1, \u0111\u00e1 g\u00e0 \u0111\u1ea7y th\u1eed th\u00e1ch<\/strong>. D\u00f9 b\u1ea1n l\u00e0 t\u00e2n th\u1ee7 hay cao th\u1ee7 l\u00e2u n\u0103m, J188 lu\u00f4n c\u00f3 b\u00e0n ch\u01a1i ph\u00f9 h\u1ee3p, gi\u00fap b\u1ea1n s\u0103n th\u01b0\u1edfng, bung k\u00e8o v\u00e0 chinh ph\u1ee5c m\u1ecdi \u0111\u1ec9nh cao may m\u1eafn.<\/span><\/p>\n<p data-start=\"1058\" data-end=\"1358\"><span style=\"font-family: verdana, geneva, sans-serif;\"><strong>Nh\u00e0 c\u00e1i J188 <\/strong>c\u00f2n n\u1ed5i b\u1eadt v\u1edbi d\u1ecbch v\u1ee5 h\u1ed7 tr\u1ee3 24\/7, gi\u00fap gi\u1ea3i quy\u1ebft m\u1ecdi th\u1eafc m\u1eafc nhanh ch\u00f3ng. Ng\u01b0\u1eddi ch\u01a1i m\u1edbi \u0111\u01b0\u1ee3c h\u01b0\u1edfng lo\u1ea1t \u01b0u \u0111\u00e3i kh\u1ee7ng:<strong>\u00a0th\u01b0\u1edfng 100% gi\u00e1 tr\u1ecb n\u1ea1p \u0111\u1ea7u, ho\u00e0n ti\u1ec1n h\u1eb1ng ng\u00e0y, c\u01a1 h\u1ed9i nh\u1eadn giftcode, ti\u1ec1n m\u1eb7t v\u00e0 qu\u00e0 t\u1eb7ng \u0111\u1ed9c quy\u1ec1n<\/strong>, mang \u0111\u1ebfn tr\u1ea3i nghi\u1ec7m \u0111\u1ea7y h\u1ee9ng kh\u1edfi ngay t\u1eeb l\u1ea7n \u0111\u1ea7u ti\u00ean tham gia.<\/span><\/p>\n<p data-start=\"1360\" data-end=\"1554\"><span style=\"font-family: verdana, geneva, sans-serif;\"><img decoding=\"async\" class=\"emoji\" role=\"img\" draggable=\"false\" src=\"https:\/\/s.w.org\/images\/core\/emoji\/17.0.2\/svg\/2705.svg\" alt=\"\u2705\" \/>\u00a0V\u1edbi\u00a0<strong>J188<\/strong>, m\u1ecdi tr\u1ea3i nghi\u1ec7m \u0111\u1ec1u minh b\u1ea1ch, c\u00f4ng b\u1eb1ng tuy\u1ec7t \u0111\u1ed1i. H\u1ec7 th\u1ed1ng v\u1eadn h\u00e0nh \u1ed5n \u0111\u1ecbnh, kh\u00f4ng can thi\u1ec7p k\u1ebft qu\u1ea3, tr\u1ea3 th\u01b0\u1edfng nhanh \u2013 \u0111\u00fang \u2013 \u0111\u1ee7, \u0111\u1ea3m b\u1ea3o an to\u00e0n cho m\u1ecdi giao d\u1ecbch v\u00e0 tr\u00f2 ch\u01a1i.<\/span><\/p>\n<p data-start=\"1556\" data-end=\"1743\"><span style=\"font-family: verdana, geneva, sans-serif;\"><img decoding=\"async\" class=\"emoji\" role=\"img\" draggable=\"false\" src=\"https:\/\/s.w.org\/images\/core\/emoji\/17.0.2\/svg\/1f449.svg\" alt=\"\ud83d\udc49\" \/> Tr\u1ea3i nghi\u1ec7m ngay t\u1ea1i link ch\u00ednh th\u1ee9c: <a href=\"https:\/\/j188.fit\/\"><strong>https:\/\/j188.fit\/<\/strong><\/a>\u00a0t\u1ea1i trang ch\u1ee7 v\u00e0 nh\u1eadn\u00a0<strong>th\u01b0\u1edfng ch\u00e0o m\u1eebng l\u00ean \u0111\u1ebfn 188K khi \u0111\u0103ng k\u00fd l\u1ea7n \u0111\u1ea7u<\/strong>. B\u1eaft \u0111\u1ea7u h\u00e0nh tr\u00ecnh gi\u1ea3i tr\u00ed \u0111\u1ec9nh cao, n\u01a1i may m\u1eafn v\u00e0 c\u01a1 h\u1ed9i th\u1eafng l\u1edbn lu\u00f4n ch\u1edd \u0111\u00f3n b\u1ea1n!<\/span><\/p>\n\t\t\n<style>\n#text-2663755761 {\n  color: rgb(255,255,255);\n}\n#text-2663755761 > * {\n  color: rgb(255,255,255);\n}\n<\/style>\n\t<\/div>\n\t\n\t\t<\/div>\n\t\t\t\t\t<\/div>\n\n\t\n\n\t<div id=\"col-299387551\" class=\"col medium-2 large-2\"  >\n\t\t\t\t<div class=\"col-inner text-center\"  >\n\t\t\t\n\t\t\t\n\t<div class=\"img has-hover x md-x lg-x y md-y lg-y\" id=\"image_59753459\">\n\t\t<a class=\"\" href=\"https:\/\/j188.fit\/qc\/1\" target=\"_blank\" rel=\"noopener\">\t\t\t\t\t\t<div class=\"img-inner dark\" >\n\t\t\t<img loading=\"lazy\" decoding=\"async\" width=\"183\" height=\"300\" src=\"https:\/\/j188.fit\/wp-content\/uploads\/2026\/01\/CASINO-.png\" class=\"attachment-original size-original\" alt=\"J188\" \/>\t\t\t\t\t\t\n\t\t\t\t\t<\/div>\n\t\t\t\t\t\t<\/a>\t\t\n<style>\n#image_59753459 {\n  width: 50%;\n}\n<\/style>\n\t<\/div>\n\t\n\t<div class=\"img has-hover x md-x lg-x y md-y lg-y\" id=\"image_1910379511\">\n\t\t<a class=\"\" href=\"https:\/\/j188.fit\/qc\/1\" target=\"_blank\" rel=\"noopener\">\t\t\t\t\t\t<div class=\"img-inner dark\" >\n\t\t\t<img loading=\"lazy\" decoding=\"async\" width=\"183\" height=\"300\" src=\"https:\/\/j188.fit\/wp-content\/uploads\/2026\/01\/DG.png\" class=\"attachment-original size-original\" alt=\"J188\" \/>\t\t\t\t\t\t\n\t\t\t\t\t<\/div>\n\t\t\t\t\t\t<\/a>\t\t\n<style>\n#image_1910379511 {\n  width: 50%;\n}\n<\/style>\n\t<\/div>\n\t\n\t<div class=\"img has-hover x md-x lg-x y md-y lg-y\" id=\"image_2098458223\">\n\t\t<a class=\"\" href=\"https:\/\/j188.fit\/qc\/1\" target=\"_blank\" rel=\"noopener\">\t\t\t\t\t\t<div class=\"img-inner dark\" >\n\t\t\t<img loading=\"lazy\" decoding=\"async\" width=\"183\" height=\"300\" src=\"https:\/\/j188.fit\/wp-content\/uploads\/2026\/01\/XS.png\" class=\"attachment-original size-original\" alt=\"J188\" \/>\t\t\t\t\t\t\n\t\t\t\t\t<\/div>\n\t\t\t\t\t\t<\/a>\t\t\n<style>\n#image_2098458223 {\n  width: 50%;\n}\n<\/style>\n\t<\/div>\n\t\n\t\t<\/div>\n\t\t\t\t\t<\/div>\n\n\t\n<\/div>\n","protected":false},"excerpt":{"rendered":"","protected":false},"author":1,"featured_media":6,"parent":0,"menu_order":0,"comment_status":"closed","ping_status":"closed","template":"","meta":{"footnotes":""},"class_list":["post-30","page","type-page","status-publish","has-post-thumbnail","hentry"],"_links":{"self":[{"href":"https:\/\/j188.fit\/index.php?rest_route=\/wp\/v2\/pages\/30","targetHints":{"allow":["GET"]}}],"collection":[{"href":"https:\/\/j188.fit\/index.php?rest_route=\/wp\/v2\/pages"}],"about":[{"href":"https:\/\/j188.fit\/index.php?rest_route=\/wp\/v2\/types\/page"}],"author":[{"embeddable":true,"href":"https:\/\/j188.fit\/index.php?rest_route=\/wp\/v2\/users\/1"}],"replies":[{"embeddable":true,"href":"https:\/\/j188.fit\/index.php?rest_route=%2Fwp%2Fv2%2Fcomments&post=30"}],"version-history":[{"count":7,"href":"https:\/\/j188.fit\/index.php?rest_route=\/wp\/v2\/pages\/30\/revisions"}],"predecessor-version":[{"id":60,"href":"https:\/\/j188.fit\/index.php?rest_route=\/wp\/v2\/pages\/30\/revisions\/60"}],"wp:featuredmedia":[{"embeddable":true,"href":"https:\/\/j188.fit\/index.php?rest_route=\/wp\/v2\/media\/6"}],"wp:attachment":[{"href":"https:\/\/j188.fit\/index.php?rest_route=%2Fwp%2Fv2%2Fmedia&parent=30"}],"curies":[{"name":"wp","href":"https:\/\/api.w.org\/{rel}","templated":true}]}}